{"id":36392,"date":"2024-11-05T11:40:55","date_gmt":"2024-11-05T11:40:55","guid":{"rendered":"https:\/\/dev.ziller-federn.de\/studium\/"},"modified":"2025-11-17T11:47:35","modified_gmt":"2025-11-17T10:47:35","slug":"studium","status":"publish","type":"page","link":"https:\/\/ziller-federn.de\/en\/karriere\/studium\/","title":{"rendered":"Studium"},"content":{"rendered":"","protected":false},"excerpt":{"rendered":"","protected":false},"author":1,"featured_media":0,"parent":19922,"menu_order":0,"comment_status":"closed","ping_status":"closed","template":"kubio-full-width","meta":{"saved_in_kubio":true,"footnotes":""},"class_list":["post-36392","page","type-page","status-publish","hentry"],"kubio_ai_page_context":{"short_desc":"","purpose":"general"},"yoast_head":"<!-- This site is optimized with the Yoast SEO plugin v27.2 - https:\/\/yoast.com\/product\/yoast-seo-wordpress\/ -->\n<title>Duales Studium und Praxissemester | Jetzt bewerben bei Ziller<\/title>\n<meta name=\"description\" content=\"Starten Sie Ihre Karriere bei Ziller! Duales Studium, Praxissemester und Abschlussarbeiten in einem innovativen Unternehmen. Entdecken Sie vielf\u00e4ltige M\u00f6glichkeiten f\u00fcr Studierende!\" \/>\n<meta name=\"robots\" content=\"index, follow, max-snippet:-1, max-image-preview:large, max-video-preview:-1\" \/>\n<link rel=\"canonical\" href=\"https:\/\/ziller-federn.de\/en\/karriere\/studium\/\" \/>\n<meta property=\"og:locale\" content=\"en_GB\" \/>\n<meta property=\"og:type\" content=\"article\" \/>\n<meta property=\"og:title\" content=\"Duales Studium und Praxissemester | Jetzt bewerben bei Ziller\" \/>\n<meta property=\"og:description\" content=\"Starten Sie Ihre Karriere bei Ziller! Duales Studium, Praxissemester und Abschlussarbeiten in einem innovativen Unternehmen. Entdecken Sie vielf\u00e4ltige M\u00f6glichkeiten f\u00fcr Studierende!\" \/>\n<meta property=\"og:url\" content=\"https:\/\/ziller-federn.de\/en\/karriere\/studium\/\" \/>\n<meta property=\"og:site_name\" content=\"Hans Ziller GmbH\" \/>\n<meta property=\"article:publisher\" content=\"https:\/\/www.facebook.com\/hanszillerfedern\/\" \/>\n<meta property=\"article:modified_time\" content=\"2025-11-17T10:47:35+00:00\" \/>\n<meta property=\"og:image\" content=\"https:\/\/ziller-federn.de\/wp-content\/uploads\/2024\/11\/bg-students-512x1024.jpg\" \/>\n<script type=\"application\/ld+json\" class=\"yoast-schema-graph\">{\"@context\":\"https:\/\/schema.org\",\"@graph\":[{\"@type\":\"WebPage\",\"@id\":\"https:\/\/ziller-federn.de\/karriere\/studium\/\",\"url\":\"https:\/\/ziller-federn.de\/karriere\/studium\/\",\"name\":\"Duales Studium und Praxissemester | Jetzt bewerben bei Ziller\",\"isPartOf\":{\"@id\":\"https:\/\/ziller-federn.de\/#website\"},\"primaryImageOfPage\":{\"@id\":\"https:\/\/ziller-federn.de\/karriere\/studium\/#primaryimage\"},\"image\":{\"@id\":\"https:\/\/ziller-federn.de\/karriere\/studium\/#primaryimage\"},\"thumbnailUrl\":\"https:\/\/ziller-federn.de\/wp-content\/uploads\/2024\/11\/bg-students-512x1024.jpg\",\"datePublished\":\"2024-11-05T11:40:55+00:00\",\"dateModified\":\"2025-11-17T10:47:35+00:00\",\"description\":\"Starten Sie Ihre Karriere bei Ziller! Duales Studium, Praxissemester und Abschlussarbeiten in einem innovativen Unternehmen. Entdecken Sie vielf\u00e4ltige M\u00f6glichkeiten f\u00fcr Studierende!\",\"breadcrumb\":{\"@id\":\"https:\/\/ziller-federn.de\/karriere\/studium\/#breadcrumb\"},\"inLanguage\":\"en-GB\",\"potentialAction\":[{\"@type\":\"ReadAction\",\"target\":[\"https:\/\/ziller-federn.de\/karriere\/studium\/\"]}]},{\"@type\":\"ImageObject\",\"inLanguage\":\"en-GB\",\"@id\":\"https:\/\/ziller-federn.de\/karriere\/studium\/#primaryimage\",\"url\":\"https:\/\/ziller-federn.de\/wp-content\/uploads\/2024\/11\/bg-students-512x1024.jpg\",\"contentUrl\":\"https:\/\/ziller-federn.de\/wp-content\/uploads\/2024\/11\/bg-students-512x1024.jpg\"},{\"@type\":\"BreadcrumbList\",\"@id\":\"https:\/\/ziller-federn.de\/karriere\/studium\/#breadcrumb\",\"itemListElement\":[{\"@type\":\"ListItem\",\"position\":1,\"name\":\"Startseite\",\"item\":\"https:\/\/ziller-federn.de\/\"},{\"@type\":\"ListItem\",\"position\":2,\"name\":\"Karriere\",\"item\":\"https:\/\/ziller-federn.de\/karriere\/\"},{\"@type\":\"ListItem\",\"position\":3,\"name\":\"Studium\"}]},{\"@type\":\"WebSite\",\"@id\":\"https:\/\/ziller-federn.de\/#website\",\"url\":\"https:\/\/ziller-federn.de\/\",\"name\":\"Hans Ziller Pr\u00e4zisionsfedern GmbH\",\"description\":\"Druckfedern, Zugfedern, Biegeteile \u2013 alles aus einer Hand!\",\"publisher\":{\"@id\":\"https:\/\/ziller-federn.de\/#organization\"},\"alternateName\":\"Hans Ziller GmbH\",\"potentialAction\":[{\"@type\":\"SearchAction\",\"target\":{\"@type\":\"EntryPoint\",\"urlTemplate\":\"https:\/\/ziller-federn.de\/?s={search_term_string}\"},\"query-input\":{\"@type\":\"PropertyValueSpecification\",\"valueRequired\":true,\"valueName\":\"search_term_string\"}}],\"inLanguage\":\"en-GB\"},{\"@type\":\"Organization\",\"@id\":\"https:\/\/ziller-federn.de\/#organization\",\"name\":\"Hans Ziller Pr\u00e4zisionsfedern GmbH\",\"alternateName\":\"Hans Ziller GmbH\",\"url\":\"https:\/\/ziller-federn.de\/\",\"logo\":{\"@type\":\"ImageObject\",\"inLanguage\":\"en-GB\",\"@id\":\"https:\/\/ziller-federn.de\/#\/schema\/logo\/image\/\",\"url\":\"https:\/\/ziller-federn.de\/wp-content\/uploads\/2025\/07\/10354231_742074962517358_7729904316185211669_n.jpg.jpg\",\"contentUrl\":\"https:\/\/ziller-federn.de\/wp-content\/uploads\/2025\/07\/10354231_742074962517358_7729904316185211669_n.jpg.jpg\",\"width\":1200,\"height\":1200,\"caption\":\"Hans Ziller Pr\u00e4zisionsfedern GmbH\"},\"image\":{\"@id\":\"https:\/\/ziller-federn.de\/#\/schema\/logo\/image\/\"},\"sameAs\":[\"https:\/\/www.facebook.com\/hanszillerfedern\/\",\"https:\/\/www.instagram.com\/hanszillergmbh\/\",\"https:\/\/www.youtube.com\/federmacher?cbrd=1\",\"https:\/\/de.linkedin.com\/company\/hans-ziller-gmbh\",\"https:\/\/www.xing.com\/pages\/hanszillergmbh\"]}]}<\/script>\n<!-- \/ Yoast SEO plugin. -->","yoast_head_json":{"title":"Duales Studium und Praxissemester | Jetzt bewerben bei Ziller","description":"Starten Sie Ihre Karriere bei Ziller! Duales Studium, Praxissemester und Abschlussarbeiten in einem innovativen Unternehmen. Entdecken Sie vielf\u00e4ltige M\u00f6glichkeiten f\u00fcr Studierende!","robots":{"index":"index","follow":"follow","max-snippet":"max-snippet:-1","max-image-preview":"max-image-preview:large","max-video-preview":"max-video-preview:-1"},"canonical":"https:\/\/ziller-federn.de\/en\/karriere\/studium\/","og_locale":"en_GB","og_type":"article","og_title":"Duales Studium und Praxissemester | Jetzt bewerben bei Ziller","og_description":"Starten Sie Ihre Karriere bei Ziller! Duales Studium, Praxissemester und Abschlussarbeiten in einem innovativen Unternehmen. Entdecken Sie vielf\u00e4ltige M\u00f6glichkeiten f\u00fcr Studierende!","og_url":"https:\/\/ziller-federn.de\/en\/karriere\/studium\/","og_site_name":"Hans Ziller GmbH","article_publisher":"https:\/\/www.facebook.com\/hanszillerfedern\/","article_modified_time":"2025-11-17T10:47:35+00:00","og_image":[{"url":"https:\/\/ziller-federn.de\/wp-content\/uploads\/2024\/11\/bg-students-512x1024.jpg","type":"","width":"","height":""}],"schema":{"@context":"https:\/\/schema.org","@graph":[{"@type":"WebPage","@id":"https:\/\/ziller-federn.de\/karriere\/studium\/","url":"https:\/\/ziller-federn.de\/karriere\/studium\/","name":"Duales Studium und Praxissemester | Jetzt bewerben bei Ziller","isPartOf":{"@id":"https:\/\/ziller-federn.de\/#website"},"primaryImageOfPage":{"@id":"https:\/\/ziller-federn.de\/karriere\/studium\/#primaryimage"},"image":{"@id":"https:\/\/ziller-federn.de\/karriere\/studium\/#primaryimage"},"thumbnailUrl":"https:\/\/ziller-federn.de\/wp-content\/uploads\/2024\/11\/bg-students-512x1024.jpg","datePublished":"2024-11-05T11:40:55+00:00","dateModified":"2025-11-17T10:47:35+00:00","description":"Starten Sie Ihre Karriere bei Ziller! Duales Studium, Praxissemester und Abschlussarbeiten in einem innovativen Unternehmen. Entdecken Sie vielf\u00e4ltige M\u00f6glichkeiten f\u00fcr Studierende!","breadcrumb":{"@id":"https:\/\/ziller-federn.de\/karriere\/studium\/#breadcrumb"},"inLanguage":"en-GB","potentialAction":[{"@type":"ReadAction","target":["https:\/\/ziller-federn.de\/karriere\/studium\/"]}]},{"@type":"ImageObject","inLanguage":"en-GB","@id":"https:\/\/ziller-federn.de\/karriere\/studium\/#primaryimage","url":"https:\/\/ziller-federn.de\/wp-content\/uploads\/2024\/11\/bg-students-512x1024.jpg","contentUrl":"https:\/\/ziller-federn.de\/wp-content\/uploads\/2024\/11\/bg-students-512x1024.jpg"},{"@type":"BreadcrumbList","@id":"https:\/\/ziller-federn.de\/karriere\/studium\/#breadcrumb","itemListElement":[{"@type":"ListItem","position":1,"name":"Startseite","item":"https:\/\/ziller-federn.de\/"},{"@type":"ListItem","position":2,"name":"Karriere","item":"https:\/\/ziller-federn.de\/karriere\/"},{"@type":"ListItem","position":3,"name":"Studium"}]},{"@type":"WebSite","@id":"https:\/\/ziller-federn.de\/#website","url":"https:\/\/ziller-federn.de\/","name":"Hans Ziller Pr\u00e4zisionsfedern GmbH","description":"Druckfedern, Zugfedern, Biegeteile \u2013 alles aus einer Hand!","publisher":{"@id":"https:\/\/ziller-federn.de\/#organization"},"alternateName":"Hans Ziller GmbH","potentialAction":[{"@type":"SearchAction","target":{"@type":"EntryPoint","urlTemplate":"https:\/\/ziller-federn.de\/?s={search_term_string}"},"query-input":{"@type":"PropertyValueSpecification","valueRequired":true,"valueName":"search_term_string"}}],"inLanguage":"en-GB"},{"@type":"Organization","@id":"https:\/\/ziller-federn.de\/#organization","name":"Hans Ziller Pr\u00e4zisionsfedern GmbH","alternateName":"Hans Ziller GmbH","url":"https:\/\/ziller-federn.de\/","logo":{"@type":"ImageObject","inLanguage":"en-GB","@id":"https:\/\/ziller-federn.de\/#\/schema\/logo\/image\/","url":"https:\/\/ziller-federn.de\/wp-content\/uploads\/2025\/07\/10354231_742074962517358_7729904316185211669_n.jpg.jpg","contentUrl":"https:\/\/ziller-federn.de\/wp-content\/uploads\/2025\/07\/10354231_742074962517358_7729904316185211669_n.jpg.jpg","width":1200,"height":1200,"caption":"Hans Ziller Pr\u00e4zisionsfedern GmbH"},"image":{"@id":"https:\/\/ziller-federn.de\/#\/schema\/logo\/image\/"},"sameAs":["https:\/\/www.facebook.com\/hanszillerfedern\/","https:\/\/www.instagram.com\/hanszillergmbh\/","https:\/\/www.youtube.com\/federmacher?cbrd=1","https:\/\/de.linkedin.com\/company\/hans-ziller-gmbh","https:\/\/www.xing.com\/pages\/hanszillergmbh"]}]}},"_links":{"self":[{"href":"https:\/\/ziller-federn.de\/en\/wp-json\/wp\/v2\/pages\/36392","targetHints":{"allow":["GET"]}}],"collection":[{"href":"https:\/\/ziller-federn.de\/en\/wp-json\/wp\/v2\/pages"}],"about":[{"href":"https:\/\/ziller-federn.de\/en\/wp-json\/wp\/v2\/types\/page"}],"author":[{"embeddable":true,"href":"https:\/\/ziller-federn.de\/en\/wp-json\/wp\/v2\/users\/1"}],"replies":[{"embeddable":true,"href":"https:\/\/ziller-federn.de\/en\/wp-json\/wp\/v2\/comments?post=36392"}],"version-history":[{"count":0,"href":"https:\/\/ziller-federn.de\/en\/wp-json\/wp\/v2\/pages\/36392\/revisions"}],"up":[{"embeddable":true,"href":"https:\/\/ziller-federn.de\/en\/wp-json\/wp\/v2\/pages\/19922"}],"wp:attachment":[{"href":"https:\/\/ziller-federn.de\/en\/wp-json\/wp\/v2\/media?parent=36392"}],"curies":[{"name":"wp","href":"https:\/\/api.w.org\/{rel}","templated":true}]}}