{"id":559,"date":"2024-10-22T09:59:12","date_gmt":"2024-10-22T09:59:12","guid":{"rendered":"https:\/\/dev.ziller-federn.de\/biegeteile-2\/"},"modified":"2026-01-27T14:15:07","modified_gmt":"2026-01-27T13:15:07","slug":"bent-parts","status":"publish","type":"page","link":"https:\/\/ziller-federn.de\/en\/produkte\/biegeteile\/","title":{"rendered":"Bent Parts"},"content":{"rendered":"","protected":false},"excerpt":{"rendered":"","protected":false},"author":2,"featured_media":0,"parent":438,"menu_order":0,"comment_status":"closed","ping_status":"closed","template":"kubio-full-width","meta":{"saved_in_kubio":true,"footnotes":""},"class_list":["post-559","page","type-page","status-publish","hentry"],"kubio_ai_page_context":{"short_desc":"","purpose":"general"},"yoast_head":"<!-- This site is optimized with the Yoast SEO plugin v27.4 - https:\/\/yoast.com\/product\/yoast-seo-wordpress\/ -->\n<title>Individuelle Drahtbiegeteile von Ziller - Pr\u00e4zision nach Ma\u00df<\/title>\n<meta name=\"description\" content=\"Ziller fertigt pr\u00e4zise Drahtbiegeteile nach Kundenwunsch - auf modernen Multiformern, in verschiedenen Materialien &amp; Formen. Ideal f\u00fcr Kupplung &amp; Motoren.\" \/>\n<meta name=\"robots\" content=\"index, follow, max-snippet:-1, max-image-preview:large, max-video-preview:-1\" \/>\n<link rel=\"canonical\" href=\"https:\/\/ziller-federn.de\/en\/products\/bent-parts\/\" \/>\n<meta property=\"og:locale\" content=\"en_GB\" \/>\n<meta property=\"og:type\" content=\"article\" \/>\n<meta property=\"og:title\" content=\"Individuelle Drahtbiegeteile von Ziller - Pr\u00e4zision nach Ma\u00df\" \/>\n<meta property=\"og:description\" content=\"Ziller fertigt pr\u00e4zise Drahtbiegeteile nach Kundenwunsch - auf modernen Multiformern, in verschiedenen Materialien &amp; Formen. Ideal f\u00fcr Kupplung &amp; Motoren.\" \/>\n<meta property=\"og:url\" content=\"https:\/\/ziller-federn.de\/en\/products\/bent-parts\/\" \/>\n<meta property=\"og:site_name\" content=\"Hans Ziller GmbH\" \/>\n<meta property=\"article:publisher\" content=\"https:\/\/www.facebook.com\/hanszillerfedern\/\" \/>\n<meta property=\"article:modified_time\" content=\"2026-01-27T13:15:07+00:00\" \/>\n<script type=\"application\/ld+json\" class=\"yoast-schema-graph\">{\"@context\":\"https:\\\/\\\/schema.org\",\"@graph\":[{\"@type\":\"WebPage\",\"@id\":\"https:\\\/\\\/ziller-federn.de\\\/produkte\\\/biegeteile\\\/\",\"url\":\"https:\\\/\\\/ziller-federn.de\\\/produkte\\\/biegeteile\\\/\",\"name\":\"Individuelle Drahtbiegeteile von Ziller - Pr\u00e4zision nach Ma\u00df\",\"isPartOf\":{\"@id\":\"https:\\\/\\\/ziller-federn.de\\\/#website\"},\"datePublished\":\"2024-10-22T09:59:12+00:00\",\"dateModified\":\"2026-01-27T13:15:07+00:00\",\"description\":\"Ziller fertigt pr\u00e4zise Drahtbiegeteile nach Kundenwunsch - auf modernen Multiformern, in verschiedenen Materialien & Formen. Ideal f\u00fcr Kupplung & Motoren.\",\"breadcrumb\":{\"@id\":\"https:\\\/\\\/ziller-federn.de\\\/produkte\\\/biegeteile\\\/#breadcrumb\"},\"inLanguage\":\"en-GB\",\"potentialAction\":[{\"@type\":\"ReadAction\",\"target\":[\"https:\\\/\\\/ziller-federn.de\\\/produkte\\\/biegeteile\\\/\"]}]},{\"@type\":\"BreadcrumbList\",\"@id\":\"https:\\\/\\\/ziller-federn.de\\\/produkte\\\/biegeteile\\\/#breadcrumb\",\"itemListElement\":[{\"@type\":\"ListItem\",\"position\":1,\"name\":\"Startseite\",\"item\":\"https:\\\/\\\/ziller-federn.de\\\/\"},{\"@type\":\"ListItem\",\"position\":2,\"name\":\"Produkte\",\"item\":\"https:\\\/\\\/ziller-federn.de\\\/produkte\\\/\"},{\"@type\":\"ListItem\",\"position\":3,\"name\":\"Biegeteile\"}]},{\"@type\":\"WebSite\",\"@id\":\"https:\\\/\\\/ziller-federn.de\\\/#website\",\"url\":\"https:\\\/\\\/ziller-federn.de\\\/\",\"name\":\"Hans Ziller Pr\u00e4zisionsfedern GmbH\",\"description\":\"Druckfedern, Zugfedern, Biegeteile \u2013 alles aus einer Hand!\",\"publisher\":{\"@id\":\"https:\\\/\\\/ziller-federn.de\\\/#organization\"},\"alternateName\":\"Hans Ziller GmbH\",\"potentialAction\":[{\"@type\":\"SearchAction\",\"target\":{\"@type\":\"EntryPoint\",\"urlTemplate\":\"https:\\\/\\\/ziller-federn.de\\\/?s={search_term_string}\"},\"query-input\":{\"@type\":\"PropertyValueSpecification\",\"valueRequired\":true,\"valueName\":\"search_term_string\"}}],\"inLanguage\":\"en-GB\"},{\"@type\":\"Organization\",\"@id\":\"https:\\\/\\\/ziller-federn.de\\\/#organization\",\"name\":\"Hans Ziller Pr\u00e4zisionsfedern GmbH\",\"alternateName\":\"Hans Ziller GmbH\",\"url\":\"https:\\\/\\\/ziller-federn.de\\\/\",\"logo\":{\"@type\":\"ImageObject\",\"inLanguage\":\"en-GB\",\"@id\":\"https:\\\/\\\/ziller-federn.de\\\/#\\\/schema\\\/logo\\\/image\\\/\",\"url\":\"https:\\\/\\\/ziller-federn.de\\\/wp-content\\\/uploads\\\/2025\\\/07\\\/10354231_742074962517358_7729904316185211669_n.jpg.jpg\",\"contentUrl\":\"https:\\\/\\\/ziller-federn.de\\\/wp-content\\\/uploads\\\/2025\\\/07\\\/10354231_742074962517358_7729904316185211669_n.jpg.jpg\",\"width\":1200,\"height\":1200,\"caption\":\"Hans Ziller Pr\u00e4zisionsfedern GmbH\"},\"image\":{\"@id\":\"https:\\\/\\\/ziller-federn.de\\\/#\\\/schema\\\/logo\\\/image\\\/\"},\"sameAs\":[\"https:\\\/\\\/www.facebook.com\\\/hanszillerfedern\\\/\",\"https:\\\/\\\/www.instagram.com\\\/hanszillergmbh\\\/\",\"https:\\\/\\\/www.youtube.com\\\/federmacher?cbrd=1\",\"https:\\\/\\\/de.linkedin.com\\\/company\\\/hans-ziller-gmbh\",\"https:\\\/\\\/www.xing.com\\\/pages\\\/hanszillergmbh\"]}]}<\/script>\n<!-- \/ Yoast SEO plugin. -->","yoast_head_json":{"title":"Custom Wire Forms by Ziller - Precision Tailored to Your Needs","description":"Ziller manufactures precise custom wire forms using modern multi-forming machines, available in various materials and shapes. Ideal for clutches and motors.","robots":{"index":"index","follow":"follow","max-snippet":"max-snippet:-1","max-image-preview":"max-image-preview:large","max-video-preview":"max-video-preview:-1"},"canonical":"https:\/\/ziller-federn.de\/en\/products\/bent-parts\/","og_locale":"en_GB","og_type":"article","og_title":"Individuelle Drahtbiegeteile von Ziller - Pr\u00e4zision nach Ma\u00df","og_description":"Ziller fertigt pr\u00e4zise Drahtbiegeteile nach Kundenwunsch - auf modernen Multiformern, in verschiedenen Materialien & Formen. Ideal f\u00fcr Kupplung & Motoren.","og_url":"https:\/\/ziller-federn.de\/en\/products\/bent-parts\/","og_site_name":"Hans Ziller GmbH","article_publisher":"https:\/\/www.facebook.com\/hanszillerfedern\/","article_modified_time":"2026-01-27T13:15:07+00:00","schema":{"@context":"https:\/\/schema.org","@graph":[{"@type":"WebPage","@id":"https:\/\/ziller-federn.de\/produkte\/biegeteile\/","url":"https:\/\/ziller-federn.de\/produkte\/biegeteile\/","name":"Custom Wire Forms by Ziller - Precision Tailored to Your Needs","isPartOf":{"@id":"https:\/\/ziller-federn.de\/#website"},"datePublished":"2024-10-22T09:59:12+00:00","dateModified":"2026-01-27T13:15:07+00:00","description":"Ziller manufactures precise custom wire forms using modern multi-forming machines, available in various materials and shapes. Ideal for clutches and motors.","breadcrumb":{"@id":"https:\/\/ziller-federn.de\/produkte\/biegeteile\/#breadcrumb"},"inLanguage":"en-GB","potentialAction":[{"@type":"ReadAction","target":["https:\/\/ziller-federn.de\/produkte\/biegeteile\/"]}]},{"@type":"BreadcrumbList","@id":"https:\/\/ziller-federn.de\/produkte\/biegeteile\/#breadcrumb","itemListElement":[{"@type":"ListItem","position":1,"name":"Startseite","item":"https:\/\/ziller-federn.de\/"},{"@type":"ListItem","position":2,"name":"Produkte","item":"https:\/\/ziller-federn.de\/produkte\/"},{"@type":"ListItem","position":3,"name":"Biegeteile"}]},{"@type":"WebSite","@id":"https:\/\/ziller-federn.de\/#website","url":"https:\/\/ziller-federn.de\/","name":"Hans Ziller Pr\u00e4zisionsfedern GmbH","description":"Druckfedern, Zugfedern, Biegeteile \u2013 alles aus einer Hand!","publisher":{"@id":"https:\/\/ziller-federn.de\/#organization"},"alternateName":"Hans Ziller GmbH","potentialAction":[{"@type":"SearchAction","target":{"@type":"EntryPoint","urlTemplate":"https:\/\/ziller-federn.de\/?s={search_term_string}"},"query-input":{"@type":"PropertyValueSpecification","valueRequired":true,"valueName":"search_term_string"}}],"inLanguage":"en-GB"},{"@type":"Organization","@id":"https:\/\/ziller-federn.de\/#organization","name":"Hans Ziller Pr\u00e4zisionsfedern GmbH","alternateName":"Hans Ziller GmbH","url":"https:\/\/ziller-federn.de\/","logo":{"@type":"ImageObject","inLanguage":"en-GB","@id":"https:\/\/ziller-federn.de\/#\/schema\/logo\/image\/","url":"https:\/\/ziller-federn.de\/wp-content\/uploads\/2025\/07\/10354231_742074962517358_7729904316185211669_n.jpg.jpg","contentUrl":"https:\/\/ziller-federn.de\/wp-content\/uploads\/2025\/07\/10354231_742074962517358_7729904316185211669_n.jpg.jpg","width":1200,"height":1200,"caption":"Hans Ziller Pr\u00e4zisionsfedern GmbH"},"image":{"@id":"https:\/\/ziller-federn.de\/#\/schema\/logo\/image\/"},"sameAs":["https:\/\/www.facebook.com\/hanszillerfedern\/","https:\/\/www.instagram.com\/hanszillergmbh\/","https:\/\/www.youtube.com\/federmacher?cbrd=1","https:\/\/de.linkedin.com\/company\/hans-ziller-gmbh","https:\/\/www.xing.com\/pages\/hanszillergmbh"]}]}},"_links":{"self":[{"href":"https:\/\/ziller-federn.de\/en\/wp-json\/wp\/v2\/pages\/559","targetHints":{"allow":["GET"]}}],"collection":[{"href":"https:\/\/ziller-federn.de\/en\/wp-json\/wp\/v2\/pages"}],"about":[{"href":"https:\/\/ziller-federn.de\/en\/wp-json\/wp\/v2\/types\/page"}],"author":[{"embeddable":true,"href":"https:\/\/ziller-federn.de\/en\/wp-json\/wp\/v2\/users\/2"}],"replies":[{"embeddable":true,"href":"https:\/\/ziller-federn.de\/en\/wp-json\/wp\/v2\/comments?post=559"}],"version-history":[{"count":0,"href":"https:\/\/ziller-federn.de\/en\/wp-json\/wp\/v2\/pages\/559\/revisions"}],"up":[{"embeddable":true,"href":"https:\/\/ziller-federn.de\/en\/wp-json\/wp\/v2\/pages\/438"}],"wp:attachment":[{"href":"https:\/\/ziller-federn.de\/en\/wp-json\/wp\/v2\/media?parent=559"}],"curies":[{"name":"wp","href":"https:\/\/api.w.org\/{rel}","templated":true}]}}