{"id":629,"date":"2024-10-22T11:54:54","date_gmt":"2024-10-22T11:54:54","guid":{"rendered":"https:\/\/dev.ziller-federn.de\/wellen-und-bohrungsringe\/"},"modified":"2025-10-20T08:15:32","modified_gmt":"2025-10-20T06:15:32","slug":"shaft-bore-rings","status":"publish","type":"page","link":"https:\/\/ziller-federn.de\/en\/produkte\/wellen-und-bohrungsringe\/","title":{"rendered":"Wellen- und Bohrungsringe"},"content":{"rendered":"","protected":false},"excerpt":{"rendered":"","protected":false},"author":2,"featured_media":279550,"parent":438,"menu_order":0,"comment_status":"closed","ping_status":"closed","template":"kubio-full-width","meta":{"saved_in_kubio":true,"footnotes":""},"class_list":["post-629","page","type-page","status-publish","has-post-thumbnail","hentry"],"kubio_ai_page_context":{"short_desc":"","purpose":"general"},"yoast_head":"<!-- This site is optimized with the Yoast SEO plugin v27.4 - https:\/\/yoast.com\/product\/yoast-seo-wordpress\/ -->\n<title>Wellen- und Bohrungsringe. Online bestellen &amp; schnelle Lieferung<\/title>\n<meta name=\"description\" content=\"\u00dcber 150 standardisierte Wellen- und Bohrungsringe im Drahtbereich 0,8-3,2 mm. Finden Sie schnell den passenden Ring oder fordern Sie ein individuelles Angebot an.\" \/>\n<meta name=\"robots\" content=\"index, follow, max-snippet:-1, max-image-preview:large, max-video-preview:-1\" \/>\n<link rel=\"canonical\" href=\"https:\/\/ziller-federn.de\/en\/products\/shaft-bore-rings\/\" \/>\n<meta property=\"og:locale\" content=\"en_GB\" \/>\n<meta property=\"og:type\" content=\"article\" \/>\n<meta property=\"og:title\" content=\"Wellen- und Bohrungsringe. Online bestellen &amp; schnelle Lieferung\" \/>\n<meta property=\"og:description\" content=\"\u00dcber 150 standardisierte Wellen- und Bohrungsringe im Drahtbereich 0,8-3,2 mm. Finden Sie schnell den passenden Ring oder fordern Sie ein individuelles Angebot an.\" \/>\n<meta property=\"og:url\" content=\"https:\/\/ziller-federn.de\/en\/products\/shaft-bore-rings\/\" \/>\n<meta property=\"og:site_name\" content=\"Hans Ziller GmbH\" \/>\n<meta property=\"article:publisher\" content=\"https:\/\/www.facebook.com\/hanszillerfedern\/\" \/>\n<meta property=\"article:modified_time\" content=\"2025-10-20T06:15:32+00:00\" \/>\n<meta property=\"og:image\" content=\"https:\/\/ziller-federn.de\/wp-content\/uploads\/2024\/12\/kategorie-ring.jpg\" \/>\n\t<meta property=\"og:image:width\" content=\"400\" \/>\n\t<meta property=\"og:image:height\" content=\"300\" \/>\n\t<meta property=\"og:image:type\" content=\"image\/jpeg\" \/>\n<script type=\"application\/ld+json\" class=\"yoast-schema-graph\">{\"@context\":\"https:\\\/\\\/schema.org\",\"@graph\":[{\"@type\":\"WebPage\",\"@id\":\"https:\\\/\\\/ziller-federn.de\\\/produkte\\\/wellen-und-bohrungsringe\\\/\",\"url\":\"https:\\\/\\\/ziller-federn.de\\\/produkte\\\/wellen-und-bohrungsringe\\\/\",\"name\":\"Wellen- und Bohrungsringe. Online bestellen & schnelle Lieferung\",\"isPartOf\":{\"@id\":\"https:\\\/\\\/ziller-federn.de\\\/#website\"},\"primaryImageOfPage\":{\"@id\":\"https:\\\/\\\/ziller-federn.de\\\/produkte\\\/wellen-und-bohrungsringe\\\/#primaryimage\"},\"image\":{\"@id\":\"https:\\\/\\\/ziller-federn.de\\\/produkte\\\/wellen-und-bohrungsringe\\\/#primaryimage\"},\"thumbnailUrl\":\"https:\\\/\\\/ziller-federn.de\\\/wp-content\\\/uploads\\\/2024\\\/12\\\/kategorie-ring.jpg\",\"datePublished\":\"2024-10-22T11:54:54+00:00\",\"dateModified\":\"2025-10-20T06:15:32+00:00\",\"description\":\"\u00dcber 150 standardisierte Wellen- und Bohrungsringe im Drahtbereich 0,8-3,2 mm. Finden Sie schnell den passenden Ring oder fordern Sie ein individuelles Angebot an.\",\"breadcrumb\":{\"@id\":\"https:\\\/\\\/ziller-federn.de\\\/produkte\\\/wellen-und-bohrungsringe\\\/#breadcrumb\"},\"inLanguage\":\"en-GB\",\"potentialAction\":[{\"@type\":\"ReadAction\",\"target\":[\"https:\\\/\\\/ziller-federn.de\\\/produkte\\\/wellen-und-bohrungsringe\\\/\"]}]},{\"@type\":\"ImageObject\",\"inLanguage\":\"en-GB\",\"@id\":\"https:\\\/\\\/ziller-federn.de\\\/produkte\\\/wellen-und-bohrungsringe\\\/#primaryimage\",\"url\":\"https:\\\/\\\/ziller-federn.de\\\/wp-content\\\/uploads\\\/2024\\\/12\\\/kategorie-ring.jpg\",\"contentUrl\":\"https:\\\/\\\/ziller-federn.de\\\/wp-content\\\/uploads\\\/2024\\\/12\\\/kategorie-ring.jpg\",\"width\":400,\"height\":300,\"caption\":\"Technische Zeichnung eines Bohrungsrings - Ma\u00dfgenauigkeit und pr\u00e4zise Spezifikationen f\u00fcr industrielle Anwendungen.\"},{\"@type\":\"BreadcrumbList\",\"@id\":\"https:\\\/\\\/ziller-federn.de\\\/produkte\\\/wellen-und-bohrungsringe\\\/#breadcrumb\",\"itemListElement\":[{\"@type\":\"ListItem\",\"position\":1,\"name\":\"Startseite\",\"item\":\"https:\\\/\\\/ziller-federn.de\\\/\"},{\"@type\":\"ListItem\",\"position\":2,\"name\":\"Produkte\",\"item\":\"https:\\\/\\\/ziller-federn.de\\\/produkte\\\/\"},{\"@type\":\"ListItem\",\"position\":3,\"name\":\"Wellen- und Bohrungsringe\"}]},{\"@type\":\"WebSite\",\"@id\":\"https:\\\/\\\/ziller-federn.de\\\/#website\",\"url\":\"https:\\\/\\\/ziller-federn.de\\\/\",\"name\":\"Hans Ziller Pr\u00e4zisionsfedern GmbH\",\"description\":\"Druckfedern, Zugfedern, Biegeteile \u2013 alles aus einer Hand!\",\"publisher\":{\"@id\":\"https:\\\/\\\/ziller-federn.de\\\/#organization\"},\"alternateName\":\"Hans Ziller GmbH\",\"potentialAction\":[{\"@type\":\"SearchAction\",\"target\":{\"@type\":\"EntryPoint\",\"urlTemplate\":\"https:\\\/\\\/ziller-federn.de\\\/?s={search_term_string}\"},\"query-input\":{\"@type\":\"PropertyValueSpecification\",\"valueRequired\":true,\"valueName\":\"search_term_string\"}}],\"inLanguage\":\"en-GB\"},{\"@type\":\"Organization\",\"@id\":\"https:\\\/\\\/ziller-federn.de\\\/#organization\",\"name\":\"Hans Ziller Pr\u00e4zisionsfedern GmbH\",\"alternateName\":\"Hans Ziller GmbH\",\"url\":\"https:\\\/\\\/ziller-federn.de\\\/\",\"logo\":{\"@type\":\"ImageObject\",\"inLanguage\":\"en-GB\",\"@id\":\"https:\\\/\\\/ziller-federn.de\\\/#\\\/schema\\\/logo\\\/image\\\/\",\"url\":\"https:\\\/\\\/ziller-federn.de\\\/wp-content\\\/uploads\\\/2025\\\/07\\\/10354231_742074962517358_7729904316185211669_n.jpg.jpg\",\"contentUrl\":\"https:\\\/\\\/ziller-federn.de\\\/wp-content\\\/uploads\\\/2025\\\/07\\\/10354231_742074962517358_7729904316185211669_n.jpg.jpg\",\"width\":1200,\"height\":1200,\"caption\":\"Hans Ziller Pr\u00e4zisionsfedern GmbH\"},\"image\":{\"@id\":\"https:\\\/\\\/ziller-federn.de\\\/#\\\/schema\\\/logo\\\/image\\\/\"},\"sameAs\":[\"https:\\\/\\\/www.facebook.com\\\/hanszillerfedern\\\/\",\"https:\\\/\\\/www.instagram.com\\\/hanszillergmbh\\\/\",\"https:\\\/\\\/www.youtube.com\\\/federmacher?cbrd=1\",\"https:\\\/\\\/de.linkedin.com\\\/company\\\/hans-ziller-gmbh\",\"https:\\\/\\\/www.xing.com\\\/pages\\\/hanszillergmbh\"]}]}<\/script>\n<!-- \/ Yoast SEO plugin. -->","yoast_head_json":{"title":"Wellen- und Bohrungsringe. Online bestellen & schnelle Lieferung","description":"Over 150 standardized shaft and bore rings in wire sizes 0.8-3.2 mm. Quickly find the right ring or request a custom quote.","robots":{"index":"index","follow":"follow","max-snippet":"max-snippet:-1","max-image-preview":"max-image-preview:large","max-video-preview":"max-video-preview:-1"},"canonical":"https:\/\/ziller-federn.de\/en\/products\/shaft-bore-rings\/","og_locale":"en_GB","og_type":"article","og_title":"Wellen- und Bohrungsringe. Online bestellen & schnelle Lieferung","og_description":"\u00dcber 150 standardisierte Wellen- und Bohrungsringe im Drahtbereich 0,8-3,2 mm. Finden Sie schnell den passenden Ring oder fordern Sie ein individuelles Angebot an.","og_url":"https:\/\/ziller-federn.de\/en\/products\/shaft-bore-rings\/","og_site_name":"Hans Ziller GmbH","article_publisher":"https:\/\/www.facebook.com\/hanszillerfedern\/","article_modified_time":"2025-10-20T06:15:32+00:00","og_image":[{"width":400,"height":300,"url":"https:\/\/ziller-federn.de\/wp-content\/uploads\/2024\/12\/kategorie-ring.jpg","type":"image\/jpeg"}],"schema":{"@context":"https:\/\/schema.org","@graph":[{"@type":"WebPage","@id":"https:\/\/ziller-federn.de\/produkte\/wellen-und-bohrungsringe\/","url":"https:\/\/ziller-federn.de\/produkte\/wellen-und-bohrungsringe\/","name":"Wellen- und Bohrungsringe. Online bestellen & schnelle Lieferung","isPartOf":{"@id":"https:\/\/ziller-federn.de\/#website"},"primaryImageOfPage":{"@id":"https:\/\/ziller-federn.de\/produkte\/wellen-und-bohrungsringe\/#primaryimage"},"image":{"@id":"https:\/\/ziller-federn.de\/produkte\/wellen-und-bohrungsringe\/#primaryimage"},"thumbnailUrl":"https:\/\/ziller-federn.de\/wp-content\/uploads\/2024\/12\/kategorie-ring.jpg","datePublished":"2024-10-22T11:54:54+00:00","dateModified":"2025-10-20T06:15:32+00:00","description":"Over 150 standardized shaft and bore rings in wire sizes 0.8-3.2 mm. Quickly find the right ring or request a custom quote.","breadcrumb":{"@id":"https:\/\/ziller-federn.de\/produkte\/wellen-und-bohrungsringe\/#breadcrumb"},"inLanguage":"en-GB","potentialAction":[{"@type":"ReadAction","target":["https:\/\/ziller-federn.de\/produkte\/wellen-und-bohrungsringe\/"]}]},{"@type":"ImageObject","inLanguage":"en-GB","@id":"https:\/\/ziller-federn.de\/produkte\/wellen-und-bohrungsringe\/#primaryimage","url":"https:\/\/ziller-federn.de\/wp-content\/uploads\/2024\/12\/kategorie-ring.jpg","contentUrl":"https:\/\/ziller-federn.de\/wp-content\/uploads\/2024\/12\/kategorie-ring.jpg","width":400,"height":300,"caption":"Technische Zeichnung eines Bohrungsrings - Ma\u00dfgenauigkeit und pr\u00e4zise Spezifikationen f\u00fcr industrielle Anwendungen."},{"@type":"BreadcrumbList","@id":"https:\/\/ziller-federn.de\/produkte\/wellen-und-bohrungsringe\/#breadcrumb","itemListElement":[{"@type":"ListItem","position":1,"name":"Startseite","item":"https:\/\/ziller-federn.de\/"},{"@type":"ListItem","position":2,"name":"Produkte","item":"https:\/\/ziller-federn.de\/produkte\/"},{"@type":"ListItem","position":3,"name":"Wellen- und Bohrungsringe"}]},{"@type":"WebSite","@id":"https:\/\/ziller-federn.de\/#website","url":"https:\/\/ziller-federn.de\/","name":"Hans Ziller Pr\u00e4zisionsfedern GmbH","description":"Druckfedern, Zugfedern, Biegeteile \u2013 alles aus einer Hand!","publisher":{"@id":"https:\/\/ziller-federn.de\/#organization"},"alternateName":"Hans Ziller GmbH","potentialAction":[{"@type":"SearchAction","target":{"@type":"EntryPoint","urlTemplate":"https:\/\/ziller-federn.de\/?s={search_term_string}"},"query-input":{"@type":"PropertyValueSpecification","valueRequired":true,"valueName":"search_term_string"}}],"inLanguage":"en-GB"},{"@type":"Organization","@id":"https:\/\/ziller-federn.de\/#organization","name":"Hans Ziller Pr\u00e4zisionsfedern GmbH","alternateName":"Hans Ziller GmbH","url":"https:\/\/ziller-federn.de\/","logo":{"@type":"ImageObject","inLanguage":"en-GB","@id":"https:\/\/ziller-federn.de\/#\/schema\/logo\/image\/","url":"https:\/\/ziller-federn.de\/wp-content\/uploads\/2025\/07\/10354231_742074962517358_7729904316185211669_n.jpg.jpg","contentUrl":"https:\/\/ziller-federn.de\/wp-content\/uploads\/2025\/07\/10354231_742074962517358_7729904316185211669_n.jpg.jpg","width":1200,"height":1200,"caption":"Hans Ziller Pr\u00e4zisionsfedern GmbH"},"image":{"@id":"https:\/\/ziller-federn.de\/#\/schema\/logo\/image\/"},"sameAs":["https:\/\/www.facebook.com\/hanszillerfedern\/","https:\/\/www.instagram.com\/hanszillergmbh\/","https:\/\/www.youtube.com\/federmacher?cbrd=1","https:\/\/de.linkedin.com\/company\/hans-ziller-gmbh","https:\/\/www.xing.com\/pages\/hanszillergmbh"]}]}},"_links":{"self":[{"href":"https:\/\/ziller-federn.de\/en\/wp-json\/wp\/v2\/pages\/629","targetHints":{"allow":["GET"]}}],"collection":[{"href":"https:\/\/ziller-federn.de\/en\/wp-json\/wp\/v2\/pages"}],"about":[{"href":"https:\/\/ziller-federn.de\/en\/wp-json\/wp\/v2\/types\/page"}],"author":[{"embeddable":true,"href":"https:\/\/ziller-federn.de\/en\/wp-json\/wp\/v2\/users\/2"}],"replies":[{"embeddable":true,"href":"https:\/\/ziller-federn.de\/en\/wp-json\/wp\/v2\/comments?post=629"}],"version-history":[{"count":0,"href":"https:\/\/ziller-federn.de\/en\/wp-json\/wp\/v2\/pages\/629\/revisions"}],"up":[{"embeddable":true,"href":"https:\/\/ziller-federn.de\/en\/wp-json\/wp\/v2\/pages\/438"}],"wp:featuredmedia":[{"embeddable":true,"href":"https:\/\/ziller-federn.de\/en\/wp-json\/wp\/v2\/media\/279550"}],"wp:attachment":[{"href":"https:\/\/ziller-federn.de\/en\/wp-json\/wp\/v2\/media?parent=629"}],"curies":[{"name":"wp","href":"https:\/\/api.w.org\/{rel}","templated":true}]}}