{"id":980,"date":"2024-10-25T06:14:06","date_gmt":"2024-10-25T06:14:06","guid":{"rendered":"https:\/\/dev.ziller-federn.de\/branchen\/"},"modified":"2026-01-16T07:33:49","modified_gmt":"2026-01-16T06:33:49","slug":"industries","status":"publish","type":"page","link":"https:\/\/ziller-federn.de\/en\/branchen\/","title":{"rendered":"Industries"},"content":{"rendered":"","protected":false},"excerpt":{"rendered":"","protected":false},"author":1,"featured_media":0,"parent":0,"menu_order":0,"comment_status":"closed","ping_status":"closed","template":"kubio-full-width","meta":{"saved_in_kubio":true,"footnotes":""},"class_list":["post-980","page","type-page","status-publish","hentry"],"kubio_ai_page_context":{"short_desc":"","purpose":"general"},"yoast_head":"<!-- This site is optimized with the Yoast SEO plugin v27.4 - https:\/\/yoast.com\/product\/yoast-seo-wordpress\/ -->\n<title>Ziller Federn f\u00fcr Industrie &amp; Technik - Branchenl\u00f6sungen weltweit<\/title>\n<meta name=\"description\" content=\"Ziller liefert technische Federn f\u00fcr die Branchen Automobil, Elektrotechnik, Geb\u00e4udetechnik &amp; Maschinenbau - weltweit im Einsatz, individuell gefertigt.\" \/>\n<meta name=\"robots\" content=\"index, follow, max-snippet:-1, max-image-preview:large, max-video-preview:-1\" \/>\n<link rel=\"canonical\" href=\"https:\/\/ziller-federn.de\/en\/industries\/\" \/>\n<meta property=\"og:locale\" content=\"en_GB\" \/>\n<meta property=\"og:type\" content=\"article\" \/>\n<meta property=\"og:title\" content=\"Ziller Federn f\u00fcr Industrie &amp; Technik - Branchenl\u00f6sungen weltweit\" \/>\n<meta property=\"og:description\" content=\"Ziller liefert technische Federn f\u00fcr die Branchen Automobil, Elektrotechnik, Geb\u00e4udetechnik &amp; Maschinenbau - weltweit im Einsatz, individuell gefertigt.\" \/>\n<meta property=\"og:url\" content=\"https:\/\/ziller-federn.de\/en\/industries\/\" \/>\n<meta property=\"og:site_name\" content=\"Hans Ziller GmbH\" \/>\n<meta property=\"article:publisher\" content=\"https:\/\/www.facebook.com\/hanszillerfedern\/\" \/>\n<meta property=\"article:modified_time\" content=\"2026-01-16T06:33:49+00:00\" \/>\n<meta property=\"og:image\" content=\"https:\/\/ziller-federn.de\/wp-content\/uploads\/2024\/10\/Auto.jpg\" \/>\n<script type=\"application\/ld+json\" class=\"yoast-schema-graph\">{\"@context\":\"https:\\\/\\\/schema.org\",\"@graph\":[{\"@type\":\"WebPage\",\"@id\":\"https:\\\/\\\/ziller-federn.de\\\/branchen\\\/\",\"url\":\"https:\\\/\\\/ziller-federn.de\\\/branchen\\\/\",\"name\":\"Ziller Federn f\u00fcr Industrie & Technik - Branchenl\u00f6sungen weltweit\",\"isPartOf\":{\"@id\":\"https:\\\/\\\/ziller-federn.de\\\/#website\"},\"primaryImageOfPage\":{\"@id\":\"https:\\\/\\\/ziller-federn.de\\\/branchen\\\/#primaryimage\"},\"image\":{\"@id\":\"https:\\\/\\\/ziller-federn.de\\\/branchen\\\/#primaryimage\"},\"thumbnailUrl\":\"https:\\\/\\\/ziller-federn.de\\\/wp-content\\\/uploads\\\/2024\\\/10\\\/Auto.jpg\",\"datePublished\":\"2024-10-25T06:14:06+00:00\",\"dateModified\":\"2026-01-16T06:33:49+00:00\",\"description\":\"Ziller liefert technische Federn f\u00fcr die Branchen Automobil, Elektrotechnik, Geb\u00e4udetechnik & Maschinenbau - weltweit im Einsatz, individuell gefertigt.\",\"breadcrumb\":{\"@id\":\"https:\\\/\\\/ziller-federn.de\\\/branchen\\\/#breadcrumb\"},\"inLanguage\":\"en-GB\",\"potentialAction\":[{\"@type\":\"ReadAction\",\"target\":[\"https:\\\/\\\/ziller-federn.de\\\/branchen\\\/\"]}]},{\"@type\":\"ImageObject\",\"inLanguage\":\"en-GB\",\"@id\":\"https:\\\/\\\/ziller-federn.de\\\/branchen\\\/#primaryimage\",\"url\":\"https:\\\/\\\/ziller-federn.de\\\/wp-content\\\/uploads\\\/2024\\\/10\\\/Auto.jpg\",\"contentUrl\":\"https:\\\/\\\/ziller-federn.de\\\/wp-content\\\/uploads\\\/2024\\\/10\\\/Auto.jpg\"},{\"@type\":\"BreadcrumbList\",\"@id\":\"https:\\\/\\\/ziller-federn.de\\\/branchen\\\/#breadcrumb\",\"itemListElement\":[{\"@type\":\"ListItem\",\"position\":1,\"name\":\"Startseite\",\"item\":\"https:\\\/\\\/ziller-federn.de\\\/\"},{\"@type\":\"ListItem\",\"position\":2,\"name\":\"Branchen\"}]},{\"@type\":\"WebSite\",\"@id\":\"https:\\\/\\\/ziller-federn.de\\\/#website\",\"url\":\"https:\\\/\\\/ziller-federn.de\\\/\",\"name\":\"Hans Ziller Pr\u00e4zisionsfedern GmbH\",\"description\":\"Druckfedern, Zugfedern, Biegeteile \u2013 alles aus einer Hand!\",\"publisher\":{\"@id\":\"https:\\\/\\\/ziller-federn.de\\\/#organization\"},\"alternateName\":\"Hans Ziller GmbH\",\"potentialAction\":[{\"@type\":\"SearchAction\",\"target\":{\"@type\":\"EntryPoint\",\"urlTemplate\":\"https:\\\/\\\/ziller-federn.de\\\/?s={search_term_string}\"},\"query-input\":{\"@type\":\"PropertyValueSpecification\",\"valueRequired\":true,\"valueName\":\"search_term_string\"}}],\"inLanguage\":\"en-GB\"},{\"@type\":\"Organization\",\"@id\":\"https:\\\/\\\/ziller-federn.de\\\/#organization\",\"name\":\"Hans Ziller Pr\u00e4zisionsfedern GmbH\",\"alternateName\":\"Hans Ziller GmbH\",\"url\":\"https:\\\/\\\/ziller-federn.de\\\/\",\"logo\":{\"@type\":\"ImageObject\",\"inLanguage\":\"en-GB\",\"@id\":\"https:\\\/\\\/ziller-federn.de\\\/#\\\/schema\\\/logo\\\/image\\\/\",\"url\":\"https:\\\/\\\/ziller-federn.de\\\/wp-content\\\/uploads\\\/2025\\\/07\\\/10354231_742074962517358_7729904316185211669_n.jpg.jpg\",\"contentUrl\":\"https:\\\/\\\/ziller-federn.de\\\/wp-content\\\/uploads\\\/2025\\\/07\\\/10354231_742074962517358_7729904316185211669_n.jpg.jpg\",\"width\":1200,\"height\":1200,\"caption\":\"Hans Ziller Pr\u00e4zisionsfedern GmbH\"},\"image\":{\"@id\":\"https:\\\/\\\/ziller-federn.de\\\/#\\\/schema\\\/logo\\\/image\\\/\"},\"sameAs\":[\"https:\\\/\\\/www.facebook.com\\\/hanszillerfedern\\\/\",\"https:\\\/\\\/www.instagram.com\\\/hanszillergmbh\\\/\",\"https:\\\/\\\/www.youtube.com\\\/federmacher?cbrd=1\",\"https:\\\/\\\/de.linkedin.com\\\/company\\\/hans-ziller-gmbh\",\"https:\\\/\\\/www.xing.com\\\/pages\\\/hanszillergmbh\"]}]}<\/script>\n<!-- \/ Yoast SEO plugin. -->","yoast_head_json":{"title":"Precision Springs for Industry &amp; Technology - Global Sector Solutions","description":"Ziller provides high-quality technical springs for the automotive, electrical engineering, building technolog, and mechanical engineering industries. Delivering precision, durability and tailored solutions for every application.","robots":{"index":"index","follow":"follow","max-snippet":"max-snippet:-1","max-image-preview":"max-image-preview:large","max-video-preview":"max-video-preview:-1"},"canonical":"https:\/\/ziller-federn.de\/en\/industries\/","og_locale":"en_GB","og_type":"article","og_title":"Ziller Federn f\u00fcr Industrie & Technik - Branchenl\u00f6sungen weltweit","og_description":"Ziller liefert technische Federn f\u00fcr die Branchen Automobil, Elektrotechnik, Geb\u00e4udetechnik & Maschinenbau - weltweit im Einsatz, individuell gefertigt.","og_url":"https:\/\/ziller-federn.de\/en\/industries\/","og_site_name":"Hans Ziller GmbH","article_publisher":"https:\/\/www.facebook.com\/hanszillerfedern\/","article_modified_time":"2026-01-16T06:33:49+00:00","og_image":[{"url":"https:\/\/ziller-federn.de\/wp-content\/uploads\/2024\/10\/Auto.jpg","type":"","width":"","height":""}],"schema":{"@context":"https:\/\/schema.org","@graph":[{"@type":"WebPage","@id":"https:\/\/ziller-federn.de\/branchen\/","url":"https:\/\/ziller-federn.de\/branchen\/","name":"Precision Springs for Industry &amp; Technology - Global Sector Solutions","isPartOf":{"@id":"https:\/\/ziller-federn.de\/#website"},"primaryImageOfPage":{"@id":"https:\/\/ziller-federn.de\/branchen\/#primaryimage"},"image":{"@id":"https:\/\/ziller-federn.de\/branchen\/#primaryimage"},"thumbnailUrl":"https:\/\/ziller-federn.de\/wp-content\/uploads\/2024\/10\/Auto.jpg","datePublished":"2024-10-25T06:14:06+00:00","dateModified":"2026-01-16T06:33:49+00:00","description":"Ziller provides high-quality technical springs for the automotive, electrical engineering, building technolog, and mechanical engineering industries. Delivering precision, durability and tailored solutions for every application.","breadcrumb":{"@id":"https:\/\/ziller-federn.de\/branchen\/#breadcrumb"},"inLanguage":"en-GB","potentialAction":[{"@type":"ReadAction","target":["https:\/\/ziller-federn.de\/branchen\/"]}]},{"@type":"ImageObject","inLanguage":"en-GB","@id":"https:\/\/ziller-federn.de\/branchen\/#primaryimage","url":"https:\/\/ziller-federn.de\/wp-content\/uploads\/2024\/10\/Auto.jpg","contentUrl":"https:\/\/ziller-federn.de\/wp-content\/uploads\/2024\/10\/Auto.jpg"},{"@type":"BreadcrumbList","@id":"https:\/\/ziller-federn.de\/branchen\/#breadcrumb","itemListElement":[{"@type":"ListItem","position":1,"name":"Startseite","item":"https:\/\/ziller-federn.de\/"},{"@type":"ListItem","position":2,"name":"Branchen"}]},{"@type":"WebSite","@id":"https:\/\/ziller-federn.de\/#website","url":"https:\/\/ziller-federn.de\/","name":"Hans Ziller Pr\u00e4zisionsfedern GmbH","description":"Druckfedern, Zugfedern, Biegeteile \u2013 alles aus einer Hand!","publisher":{"@id":"https:\/\/ziller-federn.de\/#organization"},"alternateName":"Hans Ziller GmbH","potentialAction":[{"@type":"SearchAction","target":{"@type":"EntryPoint","urlTemplate":"https:\/\/ziller-federn.de\/?s={search_term_string}"},"query-input":{"@type":"PropertyValueSpecification","valueRequired":true,"valueName":"search_term_string"}}],"inLanguage":"en-GB"},{"@type":"Organization","@id":"https:\/\/ziller-federn.de\/#organization","name":"Hans Ziller Pr\u00e4zisionsfedern GmbH","alternateName":"Hans Ziller GmbH","url":"https:\/\/ziller-federn.de\/","logo":{"@type":"ImageObject","inLanguage":"en-GB","@id":"https:\/\/ziller-federn.de\/#\/schema\/logo\/image\/","url":"https:\/\/ziller-federn.de\/wp-content\/uploads\/2025\/07\/10354231_742074962517358_7729904316185211669_n.jpg.jpg","contentUrl":"https:\/\/ziller-federn.de\/wp-content\/uploads\/2025\/07\/10354231_742074962517358_7729904316185211669_n.jpg.jpg","width":1200,"height":1200,"caption":"Hans Ziller Pr\u00e4zisionsfedern GmbH"},"image":{"@id":"https:\/\/ziller-federn.de\/#\/schema\/logo\/image\/"},"sameAs":["https:\/\/www.facebook.com\/hanszillerfedern\/","https:\/\/www.instagram.com\/hanszillergmbh\/","https:\/\/www.youtube.com\/federmacher?cbrd=1","https:\/\/de.linkedin.com\/company\/hans-ziller-gmbh","https:\/\/www.xing.com\/pages\/hanszillergmbh"]}]}},"_links":{"self":[{"href":"https:\/\/ziller-federn.de\/en\/wp-json\/wp\/v2\/pages\/980","targetHints":{"allow":["GET"]}}],"collection":[{"href":"https:\/\/ziller-federn.de\/en\/wp-json\/wp\/v2\/pages"}],"about":[{"href":"https:\/\/ziller-federn.de\/en\/wp-json\/wp\/v2\/types\/page"}],"author":[{"embeddable":true,"href":"https:\/\/ziller-federn.de\/en\/wp-json\/wp\/v2\/users\/1"}],"replies":[{"embeddable":true,"href":"https:\/\/ziller-federn.de\/en\/wp-json\/wp\/v2\/comments?post=980"}],"version-history":[{"count":0,"href":"https:\/\/ziller-federn.de\/en\/wp-json\/wp\/v2\/pages\/980\/revisions"}],"wp:attachment":[{"href":"https:\/\/ziller-federn.de\/en\/wp-json\/wp\/v2\/media?parent=980"}],"curies":[{"name":"wp","href":"https:\/\/api.w.org\/{rel}","templated":true}]}}